{"id":229844,"date":"2021-08-03T11:09:56","date_gmt":"2021-08-03T15:09:56","guid":{"rendered":"https:\/\/olsquebec.com\/clients"},"modified":"2021-08-03T11:11:04","modified_gmt":"2021-08-03T15:11:04","slug":"clients","status":"publish","type":"page","link":"https:\/\/olsquebec.com\/fr\/clients\/","title":{"rendered":"Clients"},"content":{"rendered":"[et_pb_section admin_label=\u00a0\u00bbsection\u00a0\u00bb]\n\t\t\t[et_pb_row admin_label=\u00a0\u00bbLigne\u00a0\u00bb]\n\t\t\t\t[et_pb_column type=\u00a0\u00bb4_4&Prime;][et_pb_text admin_label=\u00a0\u00bbText\u00a0\u00bb]<!--:en--><span data-mce-type=\"bookmark\" style=\"width: 0px;overflow: hidden;line-height: 0\" class=\"mce_SELRES_start\">\ufeff<\/span><span data-mce-type=\"bookmark\" style=\"width: 0px;overflow: hidden;line-height: 0\" class=\"mce_SELRES_start\">\ufeff<\/span>Clients<!--:--><span data-mce-type=\"bookmark\" style=\"width: 0px;overflow: hidden;line-height: 0\" class=\"mce_SELRES_start\">\ufeff<\/span>[\/et_pb_text][\/et_pb_column]\n\t\t\t[\/et_pb_row]\n\t\t[\/et_pb_section]\n","protected":false},"excerpt":{"rendered":"<p>\ufeff\ufeffClients\ufeff<\/p>\n","protected":false},"author":1,"featured_media":228464,"parent":0,"menu_order":2,"comment_status":"open","ping_status":"closed","template":"","meta":{"_et_pb_use_builder":"on","_et_pb_old_content":"","_et_gb_content_width":"","footnotes":""},"class_list":["post-229844","page","type-page","status-publish","has-post-thumbnail","hentry"],"yoast_head":"<!-- This site is optimized with the Yoast SEO plugin v27.3 - https:\/\/yoast.com\/product\/yoast-seo-wordpress\/ -->\n<title>| clients Les meilleurs avocats en droit du travail et de l\u2019emploi | MCO Qu\u00e9bec<\/title>\n<meta name=\"description\" content=\"Nous nous consacrons aux meilleurs int\u00e9r\u00eats de nos clients. Nous poursuivons ce qui est le plus important pour vous et vous donnons toujours une \u00e9valuation honn\u00eate et pragmatique.\" \/>\n<meta name=\"robots\" content=\"index, follow, max-snippet:-1, max-image-preview:large, max-video-preview:-1\" \/>\n<link rel=\"canonical\" href=\"https:\/\/olsquebec.com\/fr\/clients\/\" \/>\n<meta name=\"twitter:card\" content=\"summary_large_image\" \/>\n<meta name=\"twitter:title\" content=\"| clients Les meilleurs avocats en droit du travail et de l\u2019emploi | MCO Qu\u00e9bec\" \/>\n<meta name=\"twitter:description\" content=\"Nous nous consacrons aux meilleurs int\u00e9r\u00eats de nos clients. Nous poursuivons ce qui est le plus important pour vous et vous donnons toujours une \u00e9valuation honn\u00eate et pragmatique.\" \/>\n<meta name=\"twitter:image\" content=\"https:\/\/olsquebec.com\/wp-content\/uploads\/2014\/01\/executive_manager.jpg\" \/>\n<script type=\"application\/ld+json\" class=\"yoast-schema-graph\">{\"@context\":\"https:\\\/\\\/schema.org\",\"@graph\":[{\"@type\":\"WebPage\",\"@id\":\"https:\\\/\\\/olsquebec.com\\\/fr\\\/clients\\\/\",\"url\":\"https:\\\/\\\/olsquebec.com\\\/fr\\\/clients\\\/\",\"name\":\"| clients Les meilleurs avocats en droit du travail et de l\u2019emploi | MCO Qu\u00e9bec\",\"isPartOf\":{\"@id\":\"https:\\\/\\\/olsquebec.com\\\/fr\\\/#website\"},\"primaryImageOfPage\":{\"@id\":\"https:\\\/\\\/olsquebec.com\\\/fr\\\/clients\\\/#primaryimage\"},\"image\":{\"@id\":\"https:\\\/\\\/olsquebec.com\\\/fr\\\/clients\\\/#primaryimage\"},\"thumbnailUrl\":\"https:\\\/\\\/olsquebec.com\\\/wp-content\\\/uploads\\\/2014\\\/01\\\/executive_manager.jpg\",\"datePublished\":\"2021-08-03T15:09:56+00:00\",\"dateModified\":\"2021-08-03T15:11:04+00:00\",\"description\":\"Nous nous consacrons aux meilleurs int\u00e9r\u00eats de nos clients. Nous poursuivons ce qui est le plus important pour vous et vous donnons toujours une \u00e9valuation honn\u00eate et pragmatique.\",\"breadcrumb\":{\"@id\":\"https:\\\/\\\/olsquebec.com\\\/fr\\\/clients\\\/#breadcrumb\"},\"inLanguage\":\"fr-CA\",\"potentialAction\":[{\"@type\":\"ReadAction\",\"target\":[\"https:\\\/\\\/olsquebec.com\\\/fr\\\/clients\\\/\"]}]},{\"@type\":\"ImageObject\",\"inLanguage\":\"fr-CA\",\"@id\":\"https:\\\/\\\/olsquebec.com\\\/fr\\\/clients\\\/#primaryimage\",\"url\":\"https:\\\/\\\/olsquebec.com\\\/wp-content\\\/uploads\\\/2014\\\/01\\\/executive_manager.jpg\",\"contentUrl\":\"https:\\\/\\\/olsquebec.com\\\/wp-content\\\/uploads\\\/2014\\\/01\\\/executive_manager.jpg\",\"width\":1188,\"height\":262,\"caption\":\"Naviguez dans le domaine de l\u2019emploi et du cong\u00e9diement des cadres sup\u00e9rieurs\"},{\"@type\":\"BreadcrumbList\",\"@id\":\"https:\\\/\\\/olsquebec.com\\\/fr\\\/clients\\\/#breadcrumb\",\"itemListElement\":[{\"@type\":\"ListItem\",\"position\":1,\"name\":\"Home\",\"item\":\"https:\\\/\\\/olsquebec.com\\\/fr\\\/\"},{\"@type\":\"ListItem\",\"position\":2,\"name\":\"Clients\"}]},{\"@type\":\"WebSite\",\"@id\":\"https:\\\/\\\/olsquebec.com\\\/fr\\\/#website\",\"url\":\"https:\\\/\\\/olsquebec.com\\\/fr\\\/\",\"name\":\"OLS Quebec\",\"description\":\"\",\"publisher\":{\"@id\":\"https:\\\/\\\/olsquebec.com\\\/fr\\\/#organization\"},\"potentialAction\":[{\"@type\":\"SearchAction\",\"target\":{\"@type\":\"EntryPoint\",\"urlTemplate\":\"https:\\\/\\\/olsquebec.com\\\/fr\\\/?s={search_term_string}\"},\"query-input\":{\"@type\":\"PropertyValueSpecification\",\"valueRequired\":true,\"valueName\":\"search_term_string\"}}],\"inLanguage\":\"fr-CA\"},{\"@type\":\"Organization\",\"@id\":\"https:\\\/\\\/olsquebec.com\\\/fr\\\/#organization\",\"name\":\"OLS Quebec\",\"url\":\"https:\\\/\\\/olsquebec.com\\\/fr\\\/\",\"logo\":{\"@type\":\"ImageObject\",\"inLanguage\":\"fr-CA\",\"@id\":\"https:\\\/\\\/olsquebec.com\\\/fr\\\/#\\\/schema\\\/logo\\\/image\\\/\",\"url\":\"https:\\\/\\\/olsquebec.com\\\/wp-content\\\/uploads\\\/2020\\\/11\\\/logo-ols.png\",\"contentUrl\":\"https:\\\/\\\/olsquebec.com\\\/wp-content\\\/uploads\\\/2020\\\/11\\\/logo-ols.png\",\"width\":296,\"height\":82,\"caption\":\"OLS Quebec\"},\"image\":{\"@id\":\"https:\\\/\\\/olsquebec.com\\\/fr\\\/#\\\/schema\\\/logo\\\/image\\\/\"}}]}<\/script>\n<!-- \/ Yoast SEO plugin. -->","yoast_head_json":{"title":"| clients Les meilleurs avocats en droit du travail et de l\u2019emploi | MCO Qu\u00e9bec","description":"Nous nous consacrons aux meilleurs int\u00e9r\u00eats de nos clients. Nous poursuivons ce qui est le plus important pour vous et vous donnons toujours une \u00e9valuation honn\u00eate et pragmatique.","robots":{"index":"index","follow":"follow","max-snippet":"max-snippet:-1","max-image-preview":"max-image-preview:large","max-video-preview":"max-video-preview:-1"},"canonical":"https:\/\/olsquebec.com\/fr\/clients\/","twitter_card":"summary_large_image","twitter_title":"| clients Les meilleurs avocats en droit du travail et de l\u2019emploi | MCO Qu\u00e9bec","twitter_description":"Nous nous consacrons aux meilleurs int\u00e9r\u00eats de nos clients. Nous poursuivons ce qui est le plus important pour vous et vous donnons toujours une \u00e9valuation honn\u00eate et pragmatique.","twitter_image":"https:\/\/olsquebec.com\/wp-content\/uploads\/2014\/01\/executive_manager.jpg","schema":{"@context":"https:\/\/schema.org","@graph":[{"@type":"WebPage","@id":"https:\/\/olsquebec.com\/fr\/clients\/","url":"https:\/\/olsquebec.com\/fr\/clients\/","name":"| clients Les meilleurs avocats en droit du travail et de l\u2019emploi | MCO Qu\u00e9bec","isPartOf":{"@id":"https:\/\/olsquebec.com\/fr\/#website"},"primaryImageOfPage":{"@id":"https:\/\/olsquebec.com\/fr\/clients\/#primaryimage"},"image":{"@id":"https:\/\/olsquebec.com\/fr\/clients\/#primaryimage"},"thumbnailUrl":"https:\/\/olsquebec.com\/wp-content\/uploads\/2014\/01\/executive_manager.jpg","datePublished":"2021-08-03T15:09:56+00:00","dateModified":"2021-08-03T15:11:04+00:00","description":"Nous nous consacrons aux meilleurs int\u00e9r\u00eats de nos clients. Nous poursuivons ce qui est le plus important pour vous et vous donnons toujours une \u00e9valuation honn\u00eate et pragmatique.","breadcrumb":{"@id":"https:\/\/olsquebec.com\/fr\/clients\/#breadcrumb"},"inLanguage":"fr-CA","potentialAction":[{"@type":"ReadAction","target":["https:\/\/olsquebec.com\/fr\/clients\/"]}]},{"@type":"ImageObject","inLanguage":"fr-CA","@id":"https:\/\/olsquebec.com\/fr\/clients\/#primaryimage","url":"https:\/\/olsquebec.com\/wp-content\/uploads\/2014\/01\/executive_manager.jpg","contentUrl":"https:\/\/olsquebec.com\/wp-content\/uploads\/2014\/01\/executive_manager.jpg","width":1188,"height":262,"caption":"Naviguez dans le domaine de l\u2019emploi et du cong\u00e9diement des cadres sup\u00e9rieurs"},{"@type":"BreadcrumbList","@id":"https:\/\/olsquebec.com\/fr\/clients\/#breadcrumb","itemListElement":[{"@type":"ListItem","position":1,"name":"Home","item":"https:\/\/olsquebec.com\/fr\/"},{"@type":"ListItem","position":2,"name":"Clients"}]},{"@type":"WebSite","@id":"https:\/\/olsquebec.com\/fr\/#website","url":"https:\/\/olsquebec.com\/fr\/","name":"OLS Quebec","description":"","publisher":{"@id":"https:\/\/olsquebec.com\/fr\/#organization"},"potentialAction":[{"@type":"SearchAction","target":{"@type":"EntryPoint","urlTemplate":"https:\/\/olsquebec.com\/fr\/?s={search_term_string}"},"query-input":{"@type":"PropertyValueSpecification","valueRequired":true,"valueName":"search_term_string"}}],"inLanguage":"fr-CA"},{"@type":"Organization","@id":"https:\/\/olsquebec.com\/fr\/#organization","name":"OLS Quebec","url":"https:\/\/olsquebec.com\/fr\/","logo":{"@type":"ImageObject","inLanguage":"fr-CA","@id":"https:\/\/olsquebec.com\/fr\/#\/schema\/logo\/image\/","url":"https:\/\/olsquebec.com\/wp-content\/uploads\/2020\/11\/logo-ols.png","contentUrl":"https:\/\/olsquebec.com\/wp-content\/uploads\/2020\/11\/logo-ols.png","width":296,"height":82,"caption":"OLS Quebec"},"image":{"@id":"https:\/\/olsquebec.com\/fr\/#\/schema\/logo\/image\/"}}]}},"_links":{"self":[{"href":"https:\/\/olsquebec.com\/fr\/wp-json\/wp\/v2\/pages\/229844","targetHints":{"allow":["GET"]}}],"collection":[{"href":"https:\/\/olsquebec.com\/fr\/wp-json\/wp\/v2\/pages"}],"about":[{"href":"https:\/\/olsquebec.com\/fr\/wp-json\/wp\/v2\/types\/page"}],"author":[{"embeddable":true,"href":"https:\/\/olsquebec.com\/fr\/wp-json\/wp\/v2\/users\/1"}],"replies":[{"embeddable":true,"href":"https:\/\/olsquebec.com\/fr\/wp-json\/wp\/v2\/comments?post=229844"}],"version-history":[{"count":0,"href":"https:\/\/olsquebec.com\/fr\/wp-json\/wp\/v2\/pages\/229844\/revisions"}],"wp:featuredmedia":[{"embeddable":true,"href":"https:\/\/olsquebec.com\/fr\/wp-json\/wp\/v2\/media\/228464"}],"wp:attachment":[{"href":"https:\/\/olsquebec.com\/fr\/wp-json\/wp\/v2\/media?parent=229844"}],"curies":[{"name":"wp","href":"https:\/\/api.w.org\/{rel}","templated":true}]}}