{"id":228722,"date":"2021-06-30T08:52:24","date_gmt":"2021-06-30T12:52:24","guid":{"rendered":"https:\/\/olsquebec.com\/1603910921103\/conditions-dutilisation\/"},"modified":"2021-08-03T11:22:01","modified_gmt":"2021-08-03T15:22:01","slug":"conditions-dutilisation","status":"publish","type":"page","link":"https:\/\/olsquebec.com\/fr\/conditions-dutilisation\/","title":{"rendered":"Conditions d\u2019utilisation"},"content":{"rendered":"<p><!--:en--><\/p>\n<table>\n<tbody>\n<tr>\n<td style=\"width: 240px;\">\n<h2>TERMES &amp;REGLEMENTS<\/h2>\n<p><span style=\"color: #ffffff;\">.<\/span><br \/>\n<span style=\"color: #6795cc;\">Bienvenue sur notre site Web. Veuillez noter que l\u2019utilisation de ce site Web est soumise aux conditions d\u2019utilisation.<\/span><\/td>\n<td style=\"width: 66px; text-align: center;\"><img decoding=\"async\" class=\"alignnone size-full wp-image-228512\" src=\"http:\/\/olsquebec.com\/wp-content\/uploads\/2013\/10\/sep.png\" alt=\"septembre\" width=\"7\" height=\"342\"><\/td>\n<td>\n<h1 style=\"font-size: 19px;\"><span style=\"color: #0f356d;\">Conditions d\u2019utilisation<\/span><\/h1>\n<p>Bienvenue sur le site d\u2019Orenstein &amp;Associates. Veuillez noter que votre utilisation de ce site Web est soumise \u00e0 certaines conditions g\u00e9n\u00e9rales.<br \/>\n<span style=\"color: #ffffff;\">.<\/span><br \/>\nLe contenu de notre site Web est de nature g\u00e9n\u00e9rale et ne repr\u00e9sente pas un avis juridique ou un avis juridique. Les faits et les circonstances de votre situation personnelle doivent \u00eatre discut\u00e9s et \u00e9tudi\u00e9s avant que nous puissions offrir un avis juridique appropri\u00e9.<br \/>\n<span style=\"color: #ffffff;\">.<\/span><br \/>\nVeuillez noter que notre utilisation de ce site Web et des informations qu\u2019il contient ne repr\u00e9sente pas une relation avocat-client entre Orenstein &amp;Associates, ou l\u2019un de ses associ\u00e9s, et vous-m\u00eame.<br \/>\n<span style=\"color: #ffffff;\">.<\/span><br \/>\nCe site Web est sous la juridiction des lois du Qu\u00e9bec, Canada et tous les litiges qui s\u2019y rapportent doivent \u00eatre soumis devant le tribunal appropri\u00e9 dans le district judiciaire de Montr\u00e9al, Qu\u00e9bec.<br \/>\n<span style=\"color: #ffffff;\">.<\/span><br \/>\nOrenstein &amp;Associ\u00e9s respecte votre droit \u00e0 la vie priv\u00e9e selon les lois du Qu\u00e9bec et du Canada en ce qui concerne la protection de vos renseignements personnels. Toute information donn\u00e9e sera utilis\u00e9e exclusivement par notre cabinet, afin de mieux communiquer avec vous et de vous offrir les services ou les informations dont vous avez besoin. Orenstein &amp;Associates ne vend, ne divulgue, n\u2019\u00e9change ni ne r\u00e9v\u00e8le vos informations personnelles \u00e0 d\u2019autres parties \u00e0 moins d\u2019avoir re\u00e7u votre autorisation \u00e9crite ou \u00e0 moins que la loi ne nous y oblige. Cependant, veuillez noter que ce site Web utilise des cookies et d\u2019autres technologies de marketing.<br \/>\n<span style=\"color: #ffffff;\">.<\/span><br \/>\nOrenstein &amp;Associates n\u2019est pas responsable des virus, logiciels espions, logiciels malveillants ou atteinte \u00e0 la vie priv\u00e9e ou aux informations personnelles par des tiers \u00e0 la suite de votre utilisation de notre site Web.<br \/>\n<span style=\"color: #ffffff;\">.<\/span><br \/>\nMerci de votre visite!<\/td>\n<\/tr>\n<\/tbody>\n<\/table>\n<p><!--:--><\/p>\n","protected":false},"excerpt":{"rendered":"<p>TERMES &amp;REGLEMENTS . Bienvenue sur notre site Web. Veuillez noter que l\u2019utilisation de ce site Web est soumise aux conditions d\u2019utilisation. Conditions d\u2019utilisation Bienvenue sur le site d\u2019Orenstein &amp;Associates. Veuillez noter que votre utilisation de ce site Web est soumise \u00e0 certaines conditions g\u00e9n\u00e9rales. . Le contenu de notre site Web est de nature g\u00e9n\u00e9rale [&hellip;]<\/p>\n","protected":false},"author":1,"featured_media":228522,"parent":0,"menu_order":9,"comment_status":"open","ping_status":"closed","template":"","meta":{"_et_pb_use_builder":"","_et_pb_old_content":"","_et_gb_content_width":"","footnotes":""},"class_list":["post-228722","page","type-page","status-publish","has-post-thumbnail","hentry"],"yoast_head":"<!-- This site is optimized with the Yoast SEO plugin v27.5 - https:\/\/yoast.com\/product\/yoast-seo-wordpress\/ -->\n<title>Conditions d\u2019utilisation - OLS Quebec<\/title>\n<meta name=\"robots\" content=\"index, follow, max-snippet:-1, max-image-preview:large, max-video-preview:-1\" \/>\n<link rel=\"canonical\" href=\"https:\/\/olsquebec.com\/fr\/conditions-dutilisation\/\" \/>\n<meta name=\"twitter:card\" content=\"summary_large_image\" \/>\n<meta name=\"twitter:title\" content=\"Conditions d\u2019utilisation - OLS Quebec\" \/>\n<meta name=\"twitter:description\" content=\"TERMES &amp;REGLEMENTS . Bienvenue sur notre site Web. Veuillez noter que l\u2019utilisation de ce site Web est soumise aux conditions d\u2019utilisation. Conditions d\u2019utilisation Bienvenue sur le site d\u2019Orenstein &amp;Associates. Veuillez noter que votre utilisation de ce site Web est soumise \u00e0 certaines conditions g\u00e9n\u00e9rales. . Le contenu de notre site Web est de nature g\u00e9n\u00e9rale [&hellip;]\" \/>\n<meta name=\"twitter:image\" content=\"https:\/\/olsquebec.com\/wp-content\/uploads\/2014\/01\/contact.jpg\" \/>\n<meta name=\"twitter:label1\" content=\"Estimation du temps de lecture\" \/>\n\t<meta name=\"twitter:data1\" content=\"2 minutes\" \/>\n<script type=\"application\/ld+json\" class=\"yoast-schema-graph\">{\"@context\":\"https:\\\/\\\/schema.org\",\"@graph\":[{\"@type\":\"WebPage\",\"@id\":\"https:\\\/\\\/olsquebec.com\\\/fr\\\/conditions-dutilisation\\\/\",\"url\":\"https:\\\/\\\/olsquebec.com\\\/fr\\\/conditions-dutilisation\\\/\",\"name\":\"Conditions d\u2019utilisation - OLS Quebec\",\"isPartOf\":{\"@id\":\"https:\\\/\\\/olsquebec.com\\\/fr\\\/#website\"},\"primaryImageOfPage\":{\"@id\":\"https:\\\/\\\/olsquebec.com\\\/fr\\\/conditions-dutilisation\\\/#primaryimage\"},\"image\":{\"@id\":\"https:\\\/\\\/olsquebec.com\\\/fr\\\/conditions-dutilisation\\\/#primaryimage\"},\"thumbnailUrl\":\"https:\\\/\\\/olsquebec.com\\\/wp-content\\\/uploads\\\/2014\\\/01\\\/contact.jpg\",\"datePublished\":\"2021-06-30T12:52:24+00:00\",\"dateModified\":\"2021-08-03T15:22:01+00:00\",\"breadcrumb\":{\"@id\":\"https:\\\/\\\/olsquebec.com\\\/fr\\\/conditions-dutilisation\\\/#breadcrumb\"},\"inLanguage\":\"fr-CA\",\"potentialAction\":[{\"@type\":\"ReadAction\",\"target\":[\"https:\\\/\\\/olsquebec.com\\\/fr\\\/conditions-dutilisation\\\/\"]}]},{\"@type\":\"ImageObject\",\"inLanguage\":\"fr-CA\",\"@id\":\"https:\\\/\\\/olsquebec.com\\\/fr\\\/conditions-dutilisation\\\/#primaryimage\",\"url\":\"https:\\\/\\\/olsquebec.com\\\/wp-content\\\/uploads\\\/2014\\\/01\\\/contact.jpg\",\"contentUrl\":\"https:\\\/\\\/olsquebec.com\\\/wp-content\\\/uploads\\\/2014\\\/01\\\/contact.jpg\",\"width\":1188,\"height\":262,\"caption\":\"Avocats en droit du travail et en droit du travail des employeurs Montr\u00e9al Qu\u00e9bec\"},{\"@type\":\"BreadcrumbList\",\"@id\":\"https:\\\/\\\/olsquebec.com\\\/fr\\\/conditions-dutilisation\\\/#breadcrumb\",\"itemListElement\":[{\"@type\":\"ListItem\",\"position\":1,\"name\":\"Home\",\"item\":\"https:\\\/\\\/olsquebec.com\\\/fr\\\/\"},{\"@type\":\"ListItem\",\"position\":2,\"name\":\"Conditions d\u2019utilisation\"}]},{\"@type\":\"WebSite\",\"@id\":\"https:\\\/\\\/olsquebec.com\\\/fr\\\/#website\",\"url\":\"https:\\\/\\\/olsquebec.com\\\/fr\\\/\",\"name\":\"OLS Quebec\",\"description\":\"\",\"publisher\":{\"@id\":\"https:\\\/\\\/olsquebec.com\\\/fr\\\/#organization\"},\"potentialAction\":[{\"@type\":\"SearchAction\",\"target\":{\"@type\":\"EntryPoint\",\"urlTemplate\":\"https:\\\/\\\/olsquebec.com\\\/fr\\\/?s={search_term_string}\"},\"query-input\":{\"@type\":\"PropertyValueSpecification\",\"valueRequired\":true,\"valueName\":\"search_term_string\"}}],\"inLanguage\":\"fr-CA\"},{\"@type\":\"Organization\",\"@id\":\"https:\\\/\\\/olsquebec.com\\\/fr\\\/#organization\",\"name\":\"OLS Quebec\",\"url\":\"https:\\\/\\\/olsquebec.com\\\/fr\\\/\",\"logo\":{\"@type\":\"ImageObject\",\"inLanguage\":\"fr-CA\",\"@id\":\"https:\\\/\\\/olsquebec.com\\\/fr\\\/#\\\/schema\\\/logo\\\/image\\\/\",\"url\":\"https:\\\/\\\/olsquebec.com\\\/wp-content\\\/uploads\\\/2020\\\/11\\\/logo-ols.png\",\"contentUrl\":\"https:\\\/\\\/olsquebec.com\\\/wp-content\\\/uploads\\\/2020\\\/11\\\/logo-ols.png\",\"width\":296,\"height\":82,\"caption\":\"OLS Quebec\"},\"image\":{\"@id\":\"https:\\\/\\\/olsquebec.com\\\/fr\\\/#\\\/schema\\\/logo\\\/image\\\/\"}}]}<\/script>\n<!-- \/ Yoast SEO plugin. -->","yoast_head_json":{"title":"Conditions d\u2019utilisation - OLS Quebec","robots":{"index":"index","follow":"follow","max-snippet":"max-snippet:-1","max-image-preview":"max-image-preview:large","max-video-preview":"max-video-preview:-1"},"canonical":"https:\/\/olsquebec.com\/fr\/conditions-dutilisation\/","twitter_card":"summary_large_image","twitter_title":"Conditions d\u2019utilisation - OLS Quebec","twitter_description":"TERMES &amp;REGLEMENTS . Bienvenue sur notre site Web. Veuillez noter que l\u2019utilisation de ce site Web est soumise aux conditions d\u2019utilisation. Conditions d\u2019utilisation Bienvenue sur le site d\u2019Orenstein &amp;Associates. Veuillez noter que votre utilisation de ce site Web est soumise \u00e0 certaines conditions g\u00e9n\u00e9rales. . Le contenu de notre site Web est de nature g\u00e9n\u00e9rale [&hellip;]","twitter_image":"https:\/\/olsquebec.com\/wp-content\/uploads\/2014\/01\/contact.jpg","twitter_misc":{"Estimation du temps de lecture":"2 minutes"},"schema":{"@context":"https:\/\/schema.org","@graph":[{"@type":"WebPage","@id":"https:\/\/olsquebec.com\/fr\/conditions-dutilisation\/","url":"https:\/\/olsquebec.com\/fr\/conditions-dutilisation\/","name":"Conditions d\u2019utilisation - OLS Quebec","isPartOf":{"@id":"https:\/\/olsquebec.com\/fr\/#website"},"primaryImageOfPage":{"@id":"https:\/\/olsquebec.com\/fr\/conditions-dutilisation\/#primaryimage"},"image":{"@id":"https:\/\/olsquebec.com\/fr\/conditions-dutilisation\/#primaryimage"},"thumbnailUrl":"https:\/\/olsquebec.com\/wp-content\/uploads\/2014\/01\/contact.jpg","datePublished":"2021-06-30T12:52:24+00:00","dateModified":"2021-08-03T15:22:01+00:00","breadcrumb":{"@id":"https:\/\/olsquebec.com\/fr\/conditions-dutilisation\/#breadcrumb"},"inLanguage":"fr-CA","potentialAction":[{"@type":"ReadAction","target":["https:\/\/olsquebec.com\/fr\/conditions-dutilisation\/"]}]},{"@type":"ImageObject","inLanguage":"fr-CA","@id":"https:\/\/olsquebec.com\/fr\/conditions-dutilisation\/#primaryimage","url":"https:\/\/olsquebec.com\/wp-content\/uploads\/2014\/01\/contact.jpg","contentUrl":"https:\/\/olsquebec.com\/wp-content\/uploads\/2014\/01\/contact.jpg","width":1188,"height":262,"caption":"Avocats en droit du travail et en droit du travail des employeurs Montr\u00e9al Qu\u00e9bec"},{"@type":"BreadcrumbList","@id":"https:\/\/olsquebec.com\/fr\/conditions-dutilisation\/#breadcrumb","itemListElement":[{"@type":"ListItem","position":1,"name":"Home","item":"https:\/\/olsquebec.com\/fr\/"},{"@type":"ListItem","position":2,"name":"Conditions d\u2019utilisation"}]},{"@type":"WebSite","@id":"https:\/\/olsquebec.com\/fr\/#website","url":"https:\/\/olsquebec.com\/fr\/","name":"OLS Quebec","description":"","publisher":{"@id":"https:\/\/olsquebec.com\/fr\/#organization"},"potentialAction":[{"@type":"SearchAction","target":{"@type":"EntryPoint","urlTemplate":"https:\/\/olsquebec.com\/fr\/?s={search_term_string}"},"query-input":{"@type":"PropertyValueSpecification","valueRequired":true,"valueName":"search_term_string"}}],"inLanguage":"fr-CA"},{"@type":"Organization","@id":"https:\/\/olsquebec.com\/fr\/#organization","name":"OLS Quebec","url":"https:\/\/olsquebec.com\/fr\/","logo":{"@type":"ImageObject","inLanguage":"fr-CA","@id":"https:\/\/olsquebec.com\/fr\/#\/schema\/logo\/image\/","url":"https:\/\/olsquebec.com\/wp-content\/uploads\/2020\/11\/logo-ols.png","contentUrl":"https:\/\/olsquebec.com\/wp-content\/uploads\/2020\/11\/logo-ols.png","width":296,"height":82,"caption":"OLS Quebec"},"image":{"@id":"https:\/\/olsquebec.com\/fr\/#\/schema\/logo\/image\/"}}]}},"_links":{"self":[{"href":"https:\/\/olsquebec.com\/fr\/wp-json\/wp\/v2\/pages\/228722","targetHints":{"allow":["GET"]}}],"collection":[{"href":"https:\/\/olsquebec.com\/fr\/wp-json\/wp\/v2\/pages"}],"about":[{"href":"https:\/\/olsquebec.com\/fr\/wp-json\/wp\/v2\/types\/page"}],"author":[{"embeddable":true,"href":"https:\/\/olsquebec.com\/fr\/wp-json\/wp\/v2\/users\/1"}],"replies":[{"embeddable":true,"href":"https:\/\/olsquebec.com\/fr\/wp-json\/wp\/v2\/comments?post=228722"}],"version-history":[{"count":0,"href":"https:\/\/olsquebec.com\/fr\/wp-json\/wp\/v2\/pages\/228722\/revisions"}],"wp:featuredmedia":[{"embeddable":true,"href":"https:\/\/olsquebec.com\/fr\/wp-json\/wp\/v2\/media\/228522"}],"wp:attachment":[{"href":"https:\/\/olsquebec.com\/fr\/wp-json\/wp\/v2\/media?parent=228722"}],"curies":[{"name":"wp","href":"https:\/\/api.w.org\/{rel}","templated":true}]}}