{"id":228689,"date":"2021-06-30T08:40:51","date_gmt":"2021-06-30T12:40:51","guid":{"rendered":"https:\/\/olsquebec.com\/1603910921103\/services\/"},"modified":"2021-08-03T11:25:30","modified_gmt":"2021-08-03T15:25:30","slug":"services","status":"publish","type":"page","link":"https:\/\/olsquebec.com\/fr\/services\/","title":{"rendered":"Services"},"content":{"rendered":"[et_pb_section admin_label=\u00a0\u00bbsection\u00a0\u00bb]\n\t\t\t[et_pb_row admin_label=\u00a0\u00bbLigne\u00a0\u00bb]\n\t\t\t\t[et_pb_column type=\u00a0\u00bb4_4&Prime;][et_pb_text admin_label=\u00a0\u00bbText\u00a0\u00bb]<!--:en-->services<!--:-->[\/et_pb_text][\/et_pb_column]\n\t\t\t[\/et_pb_row]\n\t\t[\/et_pb_section]\n","protected":false},"excerpt":{"rendered":"<p>services<\/p>\n","protected":false},"author":1,"featured_media":228514,"parent":0,"menu_order":1,"comment_status":"open","ping_status":"closed","template":"","meta":{"_et_pb_use_builder":"on","_et_pb_old_content":"","_et_gb_content_width":"","footnotes":""},"class_list":["post-228689","page","type-page","status-publish","has-post-thumbnail","hentry"],"yoast_head":"<!-- This site is optimized with the Yoast SEO plugin v27.3 - https:\/\/yoast.com\/product\/yoast-seo-wordpress\/ -->\n<title>droit du travail et | des services de l\u2019emploi MCO Qu\u00e9bec<\/title>\n<meta name=\"description\" content=\"Nous sommes un cabinet d\u2019avocats boutique montr\u00e9alais sp\u00e9cialis\u00e9 en droit du travail et de l\u2019emploi. Depuis plus de 75 ans, nous d\u00e9veloppons des strat\u00e9gies innovantes pour les meilleurs r\u00e9sultats.\" \/>\n<meta name=\"robots\" content=\"index, follow, max-snippet:-1, max-image-preview:large, max-video-preview:-1\" \/>\n<link rel=\"canonical\" href=\"https:\/\/olsquebec.com\/fr\/services\/\" \/>\n<meta name=\"twitter:card\" content=\"summary_large_image\" \/>\n<meta name=\"twitter:title\" content=\"droit du travail et | des services de l\u2019emploi MCO Qu\u00e9bec\" \/>\n<meta name=\"twitter:description\" content=\"Nous sommes un cabinet d\u2019avocats boutique montr\u00e9alais sp\u00e9cialis\u00e9 en droit du travail et de l\u2019emploi. Depuis plus de 75 ans, nous d\u00e9veloppons des strat\u00e9gies innovantes pour les meilleurs r\u00e9sultats.\" \/>\n<meta name=\"twitter:image\" content=\"https:\/\/olsquebec.com\/wp-content\/uploads\/2014\/01\/executive_dismissal.jpg\" \/>\n<script type=\"application\/ld+json\" class=\"yoast-schema-graph\">{\"@context\":\"https:\\\/\\\/schema.org\",\"@graph\":[{\"@type\":\"WebPage\",\"@id\":\"https:\\\/\\\/olsquebec.com\\\/fr\\\/services\\\/\",\"url\":\"https:\\\/\\\/olsquebec.com\\\/fr\\\/services\\\/\",\"name\":\"droit du travail et | des services de l\u2019emploi MCO Qu\u00e9bec\",\"isPartOf\":{\"@id\":\"https:\\\/\\\/olsquebec.com\\\/fr\\\/#website\"},\"primaryImageOfPage\":{\"@id\":\"https:\\\/\\\/olsquebec.com\\\/fr\\\/services\\\/#primaryimage\"},\"image\":{\"@id\":\"https:\\\/\\\/olsquebec.com\\\/fr\\\/services\\\/#primaryimage\"},\"thumbnailUrl\":\"https:\\\/\\\/olsquebec.com\\\/wp-content\\\/uploads\\\/2014\\\/01\\\/executive_dismissal.jpg\",\"datePublished\":\"2021-06-30T12:40:51+00:00\",\"dateModified\":\"2021-08-03T15:25:30+00:00\",\"description\":\"Nous sommes un cabinet d\u2019avocats boutique montr\u00e9alais sp\u00e9cialis\u00e9 en droit du travail et de l\u2019emploi. Depuis plus de 75 ans, nous d\u00e9veloppons des strat\u00e9gies innovantes pour les meilleurs r\u00e9sultats.\",\"breadcrumb\":{\"@id\":\"https:\\\/\\\/olsquebec.com\\\/fr\\\/services\\\/#breadcrumb\"},\"inLanguage\":\"fr-CA\",\"potentialAction\":[{\"@type\":\"ReadAction\",\"target\":[\"https:\\\/\\\/olsquebec.com\\\/fr\\\/services\\\/\"]}]},{\"@type\":\"ImageObject\",\"inLanguage\":\"fr-CA\",\"@id\":\"https:\\\/\\\/olsquebec.com\\\/fr\\\/services\\\/#primaryimage\",\"url\":\"https:\\\/\\\/olsquebec.com\\\/wp-content\\\/uploads\\\/2014\\\/01\\\/executive_dismissal.jpg\",\"contentUrl\":\"https:\\\/\\\/olsquebec.com\\\/wp-content\\\/uploads\\\/2014\\\/01\\\/executive_dismissal.jpg\",\"width\":1188,\"height\":262,\"caption\":\"Cong\u00e9diement de cadres cabinet d\u2019avocats | qu\u00e9bec Avocat en cong\u00e9diement injustifi\u00e9 Montr\u00e9al\"},{\"@type\":\"BreadcrumbList\",\"@id\":\"https:\\\/\\\/olsquebec.com\\\/fr\\\/services\\\/#breadcrumb\",\"itemListElement\":[{\"@type\":\"ListItem\",\"position\":1,\"name\":\"Home\",\"item\":\"https:\\\/\\\/olsquebec.com\\\/fr\\\/\"},{\"@type\":\"ListItem\",\"position\":2,\"name\":\"Services\"}]},{\"@type\":\"WebSite\",\"@id\":\"https:\\\/\\\/olsquebec.com\\\/fr\\\/#website\",\"url\":\"https:\\\/\\\/olsquebec.com\\\/fr\\\/\",\"name\":\"OLS Quebec\",\"description\":\"\",\"publisher\":{\"@id\":\"https:\\\/\\\/olsquebec.com\\\/fr\\\/#organization\"},\"potentialAction\":[{\"@type\":\"SearchAction\",\"target\":{\"@type\":\"EntryPoint\",\"urlTemplate\":\"https:\\\/\\\/olsquebec.com\\\/fr\\\/?s={search_term_string}\"},\"query-input\":{\"@type\":\"PropertyValueSpecification\",\"valueRequired\":true,\"valueName\":\"search_term_string\"}}],\"inLanguage\":\"fr-CA\"},{\"@type\":\"Organization\",\"@id\":\"https:\\\/\\\/olsquebec.com\\\/fr\\\/#organization\",\"name\":\"OLS Quebec\",\"url\":\"https:\\\/\\\/olsquebec.com\\\/fr\\\/\",\"logo\":{\"@type\":\"ImageObject\",\"inLanguage\":\"fr-CA\",\"@id\":\"https:\\\/\\\/olsquebec.com\\\/fr\\\/#\\\/schema\\\/logo\\\/image\\\/\",\"url\":\"https:\\\/\\\/olsquebec.com\\\/wp-content\\\/uploads\\\/2020\\\/11\\\/logo-ols.png\",\"contentUrl\":\"https:\\\/\\\/olsquebec.com\\\/wp-content\\\/uploads\\\/2020\\\/11\\\/logo-ols.png\",\"width\":296,\"height\":82,\"caption\":\"OLS Quebec\"},\"image\":{\"@id\":\"https:\\\/\\\/olsquebec.com\\\/fr\\\/#\\\/schema\\\/logo\\\/image\\\/\"}}]}<\/script>\n<!-- \/ Yoast SEO plugin. -->","yoast_head_json":{"title":"droit du travail et | des services de l\u2019emploi MCO Qu\u00e9bec","description":"Nous sommes un cabinet d\u2019avocats boutique montr\u00e9alais sp\u00e9cialis\u00e9 en droit du travail et de l\u2019emploi. Depuis plus de 75 ans, nous d\u00e9veloppons des strat\u00e9gies innovantes pour les meilleurs r\u00e9sultats.","robots":{"index":"index","follow":"follow","max-snippet":"max-snippet:-1","max-image-preview":"max-image-preview:large","max-video-preview":"max-video-preview:-1"},"canonical":"https:\/\/olsquebec.com\/fr\/services\/","twitter_card":"summary_large_image","twitter_title":"droit du travail et | des services de l\u2019emploi MCO Qu\u00e9bec","twitter_description":"Nous sommes un cabinet d\u2019avocats boutique montr\u00e9alais sp\u00e9cialis\u00e9 en droit du travail et de l\u2019emploi. Depuis plus de 75 ans, nous d\u00e9veloppons des strat\u00e9gies innovantes pour les meilleurs r\u00e9sultats.","twitter_image":"https:\/\/olsquebec.com\/wp-content\/uploads\/2014\/01\/executive_dismissal.jpg","schema":{"@context":"https:\/\/schema.org","@graph":[{"@type":"WebPage","@id":"https:\/\/olsquebec.com\/fr\/services\/","url":"https:\/\/olsquebec.com\/fr\/services\/","name":"droit du travail et | des services de l\u2019emploi MCO Qu\u00e9bec","isPartOf":{"@id":"https:\/\/olsquebec.com\/fr\/#website"},"primaryImageOfPage":{"@id":"https:\/\/olsquebec.com\/fr\/services\/#primaryimage"},"image":{"@id":"https:\/\/olsquebec.com\/fr\/services\/#primaryimage"},"thumbnailUrl":"https:\/\/olsquebec.com\/wp-content\/uploads\/2014\/01\/executive_dismissal.jpg","datePublished":"2021-06-30T12:40:51+00:00","dateModified":"2021-08-03T15:25:30+00:00","description":"Nous sommes un cabinet d\u2019avocats boutique montr\u00e9alais sp\u00e9cialis\u00e9 en droit du travail et de l\u2019emploi. Depuis plus de 75 ans, nous d\u00e9veloppons des strat\u00e9gies innovantes pour les meilleurs r\u00e9sultats.","breadcrumb":{"@id":"https:\/\/olsquebec.com\/fr\/services\/#breadcrumb"},"inLanguage":"fr-CA","potentialAction":[{"@type":"ReadAction","target":["https:\/\/olsquebec.com\/fr\/services\/"]}]},{"@type":"ImageObject","inLanguage":"fr-CA","@id":"https:\/\/olsquebec.com\/fr\/services\/#primaryimage","url":"https:\/\/olsquebec.com\/wp-content\/uploads\/2014\/01\/executive_dismissal.jpg","contentUrl":"https:\/\/olsquebec.com\/wp-content\/uploads\/2014\/01\/executive_dismissal.jpg","width":1188,"height":262,"caption":"Cong\u00e9diement de cadres cabinet d\u2019avocats | qu\u00e9bec Avocat en cong\u00e9diement injustifi\u00e9 Montr\u00e9al"},{"@type":"BreadcrumbList","@id":"https:\/\/olsquebec.com\/fr\/services\/#breadcrumb","itemListElement":[{"@type":"ListItem","position":1,"name":"Home","item":"https:\/\/olsquebec.com\/fr\/"},{"@type":"ListItem","position":2,"name":"Services"}]},{"@type":"WebSite","@id":"https:\/\/olsquebec.com\/fr\/#website","url":"https:\/\/olsquebec.com\/fr\/","name":"OLS Quebec","description":"","publisher":{"@id":"https:\/\/olsquebec.com\/fr\/#organization"},"potentialAction":[{"@type":"SearchAction","target":{"@type":"EntryPoint","urlTemplate":"https:\/\/olsquebec.com\/fr\/?s={search_term_string}"},"query-input":{"@type":"PropertyValueSpecification","valueRequired":true,"valueName":"search_term_string"}}],"inLanguage":"fr-CA"},{"@type":"Organization","@id":"https:\/\/olsquebec.com\/fr\/#organization","name":"OLS Quebec","url":"https:\/\/olsquebec.com\/fr\/","logo":{"@type":"ImageObject","inLanguage":"fr-CA","@id":"https:\/\/olsquebec.com\/fr\/#\/schema\/logo\/image\/","url":"https:\/\/olsquebec.com\/wp-content\/uploads\/2020\/11\/logo-ols.png","contentUrl":"https:\/\/olsquebec.com\/wp-content\/uploads\/2020\/11\/logo-ols.png","width":296,"height":82,"caption":"OLS Quebec"},"image":{"@id":"https:\/\/olsquebec.com\/fr\/#\/schema\/logo\/image\/"}}]}},"_links":{"self":[{"href":"https:\/\/olsquebec.com\/fr\/wp-json\/wp\/v2\/pages\/228689","targetHints":{"allow":["GET"]}}],"collection":[{"href":"https:\/\/olsquebec.com\/fr\/wp-json\/wp\/v2\/pages"}],"about":[{"href":"https:\/\/olsquebec.com\/fr\/wp-json\/wp\/v2\/types\/page"}],"author":[{"embeddable":true,"href":"https:\/\/olsquebec.com\/fr\/wp-json\/wp\/v2\/users\/1"}],"replies":[{"embeddable":true,"href":"https:\/\/olsquebec.com\/fr\/wp-json\/wp\/v2\/comments?post=228689"}],"version-history":[{"count":0,"href":"https:\/\/olsquebec.com\/fr\/wp-json\/wp\/v2\/pages\/228689\/revisions"}],"wp:featuredmedia":[{"embeddable":true,"href":"https:\/\/olsquebec.com\/fr\/wp-json\/wp\/v2\/media\/228514"}],"wp:attachment":[{"href":"https:\/\/olsquebec.com\/fr\/wp-json\/wp\/v2\/media?parent=228689"}],"curies":[{"name":"wp","href":"https:\/\/api.w.org\/{rel}","templated":true}]}}